{"id":517,"date":"2013-12-31T14:17:04","date_gmt":"2013-12-31T13:17:04","guid":{"rendered":"http:\/\/www.ervewoolderink.nl\/?page_id=517"},"modified":"2013-12-31T14:18:04","modified_gmt":"2013-12-31T13:18:04","slug":"treffen-sie-bauer-rutger","status":"publish","type":"page","link":"https:\/\/www.ervewoolderink.nl\/de\/ein-einzigartiges-stuck-twente\/treffen-sie-bauer-rutger\/","title":{"rendered":"Treffen Sie Bauer Rutger"},"content":{"rendered":"<p>Mit jeder Faser meines Herzens h\u00e4nge ich an diesem Ort. Die 17<sup>e<\/sup> Generation Woolderink wohnt im Moment hier. Ich genie\u00dfe K\u00fche, Natur, Ruhe und Raum. Unser Gel\u00e4nde umfasst mehr als 35 Hektare Weide und Wald. Die Landschaft ist erhalten geblieben. Wir halten immer noch K\u00fche, biobasiert. K\u00fche und K\u00e4lber grasen gemeinsam in der Weide. Ein herrlicher Anblick, sowie es sein sollte. Es ist mein Ziel diese pr\u00e4chtige Firma mit ihrem kulturell-historischen Wert der 18. Generation weiter zu geben. Kommen Sie mal vorbei, ich lasse Sie das Landleben erleben! <i>Rutger Woolderink<\/i> Bio-Bauer von Erve Woolderink<\/p>\n","protected":false},"excerpt":{"rendered":"<p>Mit jeder Faser meines Herzens h\u00e4nge ich an diesem Ort. Die 17e Generation Woolderink wohnt im Moment hier. Ich genie\u00dfe K\u00fche, Natur, Ruhe und Raum. Unser Gel\u00e4nde umfasst mehr als 35 Hektare Weide und Wald. Die Landschaft ist erhalten geblieben. Wir halten immer noch K\u00fche, biobasiert. K\u00fche und K\u00e4lber grasen gemeinsam in der Weide. Ein [&hellip;]<\/p>\n","protected":false},"author":1,"featured_media":0,"parent":427,"menu_order":0,"comment_status":"open","ping_status":"open","template":"","meta":{"_acf_changed":false,"footnotes":""},"class_list":["post-517","page","type-page","status-publish","hentry"],"acf":[],"_links":{"self":[{"href":"https:\/\/www.ervewoolderink.nl\/de\/wp-json\/wp\/v2\/pages\/517","targetHints":{"allow":["GET"]}}],"collection":[{"href":"https:\/\/www.ervewoolderink.nl\/de\/wp-json\/wp\/v2\/pages"}],"about":[{"href":"https:\/\/www.ervewoolderink.nl\/de\/wp-json\/wp\/v2\/types\/page"}],"author":[{"embeddable":true,"href":"https:\/\/www.ervewoolderink.nl\/de\/wp-json\/wp\/v2\/users\/1"}],"replies":[{"embeddable":true,"href":"https:\/\/www.ervewoolderink.nl\/de\/wp-json\/wp\/v2\/comments?post=517"}],"version-history":[{"count":3,"href":"https:\/\/www.ervewoolderink.nl\/de\/wp-json\/wp\/v2\/pages\/517\/revisions"}],"predecessor-version":[{"id":520,"href":"https:\/\/www.ervewoolderink.nl\/de\/wp-json\/wp\/v2\/pages\/517\/revisions\/520"}],"up":[{"embeddable":true,"href":"https:\/\/www.ervewoolderink.nl\/de\/wp-json\/wp\/v2\/pages\/427"}],"wp:attachment":[{"href":"https:\/\/www.ervewoolderink.nl\/de\/wp-json\/wp\/v2\/media?parent=517"}],"curies":[{"name":"wp","href":"https:\/\/api.w.org\/{rel}","templated":true}]}}