{"id":443,"date":"2013-12-30T16:21:20","date_gmt":"2013-12-30T14:21:20","guid":{"rendered":"http:\/\/www.ervewoolderink.nl\/?page_id=443"},"modified":"2015-10-02T19:14:22","modified_gmt":"2015-10-02T17:14:22","slug":"ferienwohnung-twente","status":"publish","type":"page","link":"https:\/\/www.ervewoolderink.nl\/de\/schlafen-einem-heuhaufen\/ferienwohnung-twente\/","title":{"rendered":"Ferienwohnung Twente"},"content":{"rendered":"<p>In Twente gibt es nur wenige Ferienwohnungen die sich auf einem uralten Hof befinden. Zwischen Eschen und Wallhecken befinden sich zwei Heuhaufen. Vier Pfahle, ein Rieddach und, dazwischen, dicke schwarz lackierte Bretter sind die Basis zwei der meist originellen, luxuri\u00f6sen Ferienwohnungen in Twente.<\/p>\n<p>Historische Umgebung<\/p>\n<p>Die Ferienwohnungen befinden sich am Erve Woolderink. Ein historischer Ort, im 14. Jahrhundert wurde das Erbe ja schon in offiziellen Dokumenten des damaligen Bischofs von Twente erw\u00e4hnt. In 1798 wurde der heutige Bauernhof gebaut. Das Geb\u00e4ude ist mittlerweile ein offizielles National Monument.<\/p>\n<p>Unser Bauernhof hat eine reiche Geschichte die wir den n\u00e4chsten Generationen weitergeben m\u00f6chten. Biobasiert! In Ihrer Ferienwohnung erfahren und genie\u00dfen Sie das echte Landleben.<\/p>\n<h2>Buchen Sie diese luxuri\u00f6se Ferienwohnung<\/h2>\n<p>Unsere zwei Ferienwohnungen in Twente haben allen Komfort. Nach einer langen Wander- oder Radtour k\u00f6nnen Sie sich in der Doppel Infrarot-Sauna entspannen, die Sonne und die herrliche Aussicht auf der Terrasse genie\u00dfen, herrlich kochen w\u00e4hrend der Geschirrsp\u00fcler Ihr Geschirr sp\u00fclt, bequeme Betten. Geeignet f\u00fcr 4-6 Personen.<\/p>\n","protected":false},"excerpt":{"rendered":"<p>In Twente gibt es nur wenige Ferienwohnungen die sich auf einem uralten Hof befinden. Zwischen Eschen und Wallhecken befinden sich zwei Heuhaufen. Vier Pfahle, ein Rieddach und, dazwischen, dicke schwarz lackierte Bretter sind die Basis zwei der meist originellen, luxuri\u00f6sen Ferienwohnungen in Twente. Historische Umgebung Die Ferienwohnungen befinden sich am Erve Woolderink. Ein historischer Ort, [&hellip;]<\/p>\n","protected":false},"author":1,"featured_media":0,"parent":438,"menu_order":7,"comment_status":"open","ping_status":"closed","template":"page-2columns.php","meta":{"_acf_changed":false,"footnotes":""},"class_list":["post-443","page","type-page","status-publish","hentry"],"acf":[],"_links":{"self":[{"href":"https:\/\/www.ervewoolderink.nl\/de\/wp-json\/wp\/v2\/pages\/443","targetHints":{"allow":["GET"]}}],"collection":[{"href":"https:\/\/www.ervewoolderink.nl\/de\/wp-json\/wp\/v2\/pages"}],"about":[{"href":"https:\/\/www.ervewoolderink.nl\/de\/wp-json\/wp\/v2\/types\/page"}],"author":[{"embeddable":true,"href":"https:\/\/www.ervewoolderink.nl\/de\/wp-json\/wp\/v2\/users\/1"}],"replies":[{"embeddable":true,"href":"https:\/\/www.ervewoolderink.nl\/de\/wp-json\/wp\/v2\/comments?post=443"}],"version-history":[{"count":2,"href":"https:\/\/www.ervewoolderink.nl\/de\/wp-json\/wp\/v2\/pages\/443\/revisions"}],"predecessor-version":[{"id":445,"href":"https:\/\/www.ervewoolderink.nl\/de\/wp-json\/wp\/v2\/pages\/443\/revisions\/445"}],"up":[{"embeddable":true,"href":"https:\/\/www.ervewoolderink.nl\/de\/wp-json\/wp\/v2\/pages\/438"}],"wp:attachment":[{"href":"https:\/\/www.ervewoolderink.nl\/de\/wp-json\/wp\/v2\/media?parent=443"}],"curies":[{"name":"wp","href":"https:\/\/api.w.org\/{rel}","templated":true}]}}