{"id":438,"date":"2013-12-30T16:18:03","date_gmt":"2013-12-30T15:18:03","guid":{"rendered":"http:\/\/www.ervewoolderink.nl\/?page_id=438"},"modified":"2017-10-13T14:06:12","modified_gmt":"2017-10-13T12:06:12","slug":"schlafen-einem-heuhaufen","status":"publish","type":"page","link":"https:\/\/www.ervewoolderink.nl\/de\/schlafen-einem-heuhaufen\/","title":{"rendered":"Schlafen in einem Heuhaufen"},"content":{"rendered":"<p>Fr\u00fcher war der Heuhaufen ein freistehendes Geb\u00e4ude f\u00fcr Lagerung von Heu, Stroh und Korn, womit im Winter das Vieh in den St\u00e4llen gefuttert wurde. Die niederl\u00e4ndische Form eines Heuhaufens ist ziemlich einzigartig. Er besteht aus vier bis sechs Holzpf\u00e4hlen mit einem Rieddach das man nach oben und nach unten bewegen kann.<\/p>\n<p><b>Die Einteilung<\/b><br \/>\nzu ebener Erde besteht der Regge-Heuhaufen aus einem L-f\u00f6rmigen Wohnzimmer, einer offenen K\u00fcche und einem Badezimmer mit Dusche, Infrarotsauna und Toilette. Es gibt Fl\u00fcgelt\u00fcren mit Zugang zur Terrasse, wo Sie morgens ganz ruhig Ihr Fr\u00fchst\u00fcck genie\u00dfen k\u00f6nnen oder sich in der Sonne entspannen k\u00f6nnen. Loungesessel sind anwesend. Via eine Wendeltreppe im Wohnzimmer erreichen Sie einen kleinen freien Raum mit zwei atmosph\u00e4risch ausgestatteten Schlafzimmern.<\/p>\n<p>Regge-Heuhaufen sind komplett ausgestattet und haben allen Komfort. K\u00fcche komplett mit Ofen\/Mikrowelle und Geschirrsp\u00fcler, Badezimmer mit Sauna- und Dampfkabine. Der Heuhaufen hat selbstverst\u00e4ndlich einen l\u00e4ndlichen Stil. Regge-Heuhaufen sind einzigartige, exklusive Unterk\u00fcnfte die viel Privatsph\u00e4re bieten. Maximal zwei Regge-Heuhaufen befinden sich jeweils an einer Lage.<\/p>\n<p><a class=\"button\" href=\"http:\/\/buchen.ervewoolderink.nl\/buchen\" target=\"_blank\">Tarife und Verf\u00fcgbarkeit<\/a><\/p>\n","protected":false},"excerpt":{"rendered":"<p>Fr\u00fcher war der Heuhaufen ein freistehendes Geb\u00e4ude f\u00fcr Lagerung von Heu, Stroh und Korn, womit im Winter das Vieh in den St\u00e4llen gefuttert wurde. Die niederl\u00e4ndische Form eines Heuhaufens ist ziemlich einzigartig. Er besteht aus vier bis sechs Holzpf\u00e4hlen mit einem Rieddach das man nach oben und nach unten bewegen kann. Die Einteilung zu ebener [&hellip;]<\/p>\n","protected":false},"author":1,"featured_media":0,"parent":0,"menu_order":3,"comment_status":"open","ping_status":"closed","template":"page-2columns.php","meta":{"_acf_changed":false,"footnotes":""},"class_list":["post-438","page","type-page","status-publish","hentry"],"acf":[],"_links":{"self":[{"href":"https:\/\/www.ervewoolderink.nl\/de\/wp-json\/wp\/v2\/pages\/438","targetHints":{"allow":["GET"]}}],"collection":[{"href":"https:\/\/www.ervewoolderink.nl\/de\/wp-json\/wp\/v2\/pages"}],"about":[{"href":"https:\/\/www.ervewoolderink.nl\/de\/wp-json\/wp\/v2\/types\/page"}],"author":[{"embeddable":true,"href":"https:\/\/www.ervewoolderink.nl\/de\/wp-json\/wp\/v2\/users\/1"}],"replies":[{"embeddable":true,"href":"https:\/\/www.ervewoolderink.nl\/de\/wp-json\/wp\/v2\/comments?post=438"}],"version-history":[{"count":6,"href":"https:\/\/www.ervewoolderink.nl\/de\/wp-json\/wp\/v2\/pages\/438\/revisions"}],"predecessor-version":[{"id":2276,"href":"https:\/\/www.ervewoolderink.nl\/de\/wp-json\/wp\/v2\/pages\/438\/revisions\/2276"}],"wp:attachment":[{"href":"https:\/\/www.ervewoolderink.nl\/de\/wp-json\/wp\/v2\/media?parent=438"}],"curies":[{"name":"wp","href":"https:\/\/api.w.org\/{rel}","templated":true}]}}