{"id":435,"date":"2013-12-30T16:16:11","date_gmt":"2013-12-30T14:16:11","guid":{"rendered":"http:\/\/www.ervewoolderink.nl\/?page_id=435"},"modified":"2015-10-02T19:14:05","modified_gmt":"2015-10-02T17:14:05","slug":"aufenthalt-bauernhof","status":"publish","type":"page","link":"https:\/\/www.ervewoolderink.nl\/de\/aufenthalt-bauernhof\/","title":{"rendered":"Aufenthalt am Bauernhof"},"content":{"rendered":"<p>Suchen Sie die Ruhe des Landes, w\u00fcnschen Sie aber auch Luxus? Ein Aufenthalt auf Erve Woolderink f\u00fchlt wie Urlaub, auch wenn man sich hier nur kurz aufh\u00e4lt.<\/p>\n<p>\u00dcbernachten am Bauernhof, in einem Heuhaufen? Es gibt Ihrem Aufenthalt eine extra l\u00e4ndliche Note. Selbstverst\u00e4ndlich ist der Heuhaufen ganz luxuri\u00f6s. Nach einer langen Wander- oder Radtour k\u00f6nnen Sie sich in der Doppel Infrarot-Sauna entspannen, die Sonne und die herrliche Aussicht auf der Terrasse genie\u00dfen, herrlich kochen w\u00e4hrend der Geschirrsp\u00fcler Ihr Geschirr sp\u00fclt, bequeme Betten\u2026..Unser Bauernhof ist geeignet f\u00fcr 4 Personen. Es gibt aber ausreichend Raum f\u00fcr eine 5e oder 6e Person. Alles ist m\u00f6glich!<\/p>\n<p>Eine Herde Aberdeen Angus K\u00fche grast in der Weide. Aberdeen Angus ist eine alte, schottische Rasse. Die K\u00fche haben einen ruhigen, anh\u00e4nglichen Charakter und sind sehr selbst\u00e4ndig. Sie k\u00f6nnen das ganze Jahr durch drau\u00dfen verbringen. Wir freuen uns, Ihnen unseren Bio-Bauernhof zu zeigen.<\/p>\n<h2>Buchen Sie Ihre \u00dcbernachtung am Bauernhof<\/h2>\n<p>Wir begr\u00fc\u00dfen Sie recht herzlich f\u00fcr einen entspannten Aufenthalt am Bauernhof. Egal ob Sie sich hier eine Nacht oder zwei Wochen aufhalten, Sie werden Ihren Aufenthalt bestimmt genie\u00dfen. Genie\u00dfen Sie die wundersch\u00f6ne Gegend, den einzigartigen Aufenthalt und unsere herrliche Fr\u00fchst\u00fccke (mit etwas Gl\u00fcck frische Eier!).<\/p>\n","protected":false},"excerpt":{"rendered":"<p>Suchen Sie die Ruhe des Landes, w\u00fcnschen Sie aber auch Luxus? Ein Aufenthalt auf Erve Woolderink f\u00fchlt wie Urlaub, auch wenn man sich hier nur kurz aufh\u00e4lt. \u00dcbernachten am Bauernhof, in einem Heuhaufen? Es gibt Ihrem Aufenthalt eine extra l\u00e4ndliche Note. Selbstverst\u00e4ndlich ist der Heuhaufen ganz luxuri\u00f6s. Nach einer langen Wander- oder Radtour k\u00f6nnen Sie [&hellip;]<\/p>\n","protected":false},"author":1,"featured_media":0,"parent":0,"menu_order":5,"comment_status":"open","ping_status":"closed","template":"page-2columns.php","meta":{"_acf_changed":false,"footnotes":""},"class_list":["post-435","page","type-page","status-publish","hentry"],"acf":[],"_links":{"self":[{"href":"https:\/\/www.ervewoolderink.nl\/de\/wp-json\/wp\/v2\/pages\/435","targetHints":{"allow":["GET"]}}],"collection":[{"href":"https:\/\/www.ervewoolderink.nl\/de\/wp-json\/wp\/v2\/pages"}],"about":[{"href":"https:\/\/www.ervewoolderink.nl\/de\/wp-json\/wp\/v2\/types\/page"}],"author":[{"embeddable":true,"href":"https:\/\/www.ervewoolderink.nl\/de\/wp-json\/wp\/v2\/users\/1"}],"replies":[{"embeddable":true,"href":"https:\/\/www.ervewoolderink.nl\/de\/wp-json\/wp\/v2\/comments?post=435"}],"version-history":[{"count":2,"href":"https:\/\/www.ervewoolderink.nl\/de\/wp-json\/wp\/v2\/pages\/435\/revisions"}],"predecessor-version":[{"id":437,"href":"https:\/\/www.ervewoolderink.nl\/de\/wp-json\/wp\/v2\/pages\/435\/revisions\/437"}],"wp:attachment":[{"href":"https:\/\/www.ervewoolderink.nl\/de\/wp-json\/wp\/v2\/media?parent=435"}],"curies":[{"name":"wp","href":"https:\/\/api.w.org\/{rel}","templated":true}]}}