{"id":433,"date":"2013-12-30T16:14:32","date_gmt":"2013-12-30T14:14:32","guid":{"rendered":"http:\/\/www.ervewoolderink.nl\/?page_id=433"},"modified":"2015-10-06T22:48:38","modified_gmt":"2015-10-06T20:48:38","slug":"aufenthalt-mit-kindern","status":"publish","type":"page","link":"https:\/\/www.ervewoolderink.nl\/de\/schlafen-einem-heuhaufen\/aufenthalt-mit-kindern\/","title":{"rendered":"Aufenthalt mit Kindern"},"content":{"rendered":"<p>Erve Woolderink bietet die M\u00f6glichkeit um einige Tage mit Kindern in einer sch\u00f6nen Umgebung mit pr\u00e4chtiger Natur zu \u00fcbernachten. Kinder werden sich am Hof und in der direkten Umgebung bestimmt am\u00fcsieren. Es gibt ausreichend Spielgelegenheit und sie k\u00f6nnen spielerisch \u00fcber die Natur lernen.<\/p>\n<p>Ein Aufenthalt mit Kindern am Bauernhof ist eine unvergessliche Erfahrung. Die Kinder k\u00f6nnen ruhig und sicher drau\u00dfen spielen. Es gibt unter anderem:<\/p>\n<ul>\n<li>Trampoline, Go-Karts, Fahrr\u00e4der<\/li>\n<li>Eier sammeln<\/li>\n<li>Aberdeen Angus K\u00fche<\/li>\n<li>K\u00e4lber f\u00fcttern<\/li>\n<li>Angeln in der direkten Umgebung<\/li>\n<\/ul>\n<h2>\u00dcbernachten Sie auch mit Ihren Kindern auf Erve Woolderink<\/h2>\n<p>Eltern werden den Aufenthalt in der pr\u00e4chtigen Landschaft auch bestimmt genie\u00dfen. Nach einer langen Rad- oder Wandertour k\u00f6nnen Sie sich in der Doppel Infrarotsauna entspannen oder die Sonne und die pr\u00e4chtige Aussicht auf der Terrasse genie\u00dfen. <a title=\"Boerderij overnachtingen\" href=\"http:\/\/www.ervewoolderink.nl\/slapen-in-een-hooiberg\/de-hooiberg\/boerderij-overnachtingen\/\">Bauernhof\u00fcbernachtungen \u00a0<\/a>sind geeignet f\u00fcr 4 Personen. Es gibt aber ausreichend Raum f\u00fcr eine 5e oder 6e Person. Erkundigen Sie sich nach den M\u00f6glichkeiten!<\/p>\n","protected":false},"excerpt":{"rendered":"<p>Erve Woolderink bietet die M\u00f6glichkeit um einige Tage mit Kindern in einer sch\u00f6nen Umgebung mit pr\u00e4chtiger Natur zu \u00fcbernachten. Kinder werden sich am Hof und in der direkten Umgebung bestimmt am\u00fcsieren. Es gibt ausreichend Spielgelegenheit und sie k\u00f6nnen spielerisch \u00fcber die Natur lernen. Ein Aufenthalt mit Kindern am Bauernhof ist eine unvergessliche Erfahrung. Die Kinder [&hellip;]<\/p>\n","protected":false},"author":1,"featured_media":0,"parent":438,"menu_order":9,"comment_status":"closed","ping_status":"closed","template":"page-2columns.php","meta":{"_acf_changed":false,"footnotes":""},"class_list":["post-433","page","type-page","status-publish","hentry"],"acf":[],"_links":{"self":[{"href":"https:\/\/www.ervewoolderink.nl\/de\/wp-json\/wp\/v2\/pages\/433","targetHints":{"allow":["GET"]}}],"collection":[{"href":"https:\/\/www.ervewoolderink.nl\/de\/wp-json\/wp\/v2\/pages"}],"about":[{"href":"https:\/\/www.ervewoolderink.nl\/de\/wp-json\/wp\/v2\/types\/page"}],"author":[{"embeddable":true,"href":"https:\/\/www.ervewoolderink.nl\/de\/wp-json\/wp\/v2\/users\/1"}],"replies":[{"embeddable":true,"href":"https:\/\/www.ervewoolderink.nl\/de\/wp-json\/wp\/v2\/comments?post=433"}],"version-history":[{"count":1,"href":"https:\/\/www.ervewoolderink.nl\/de\/wp-json\/wp\/v2\/pages\/433\/revisions"}],"predecessor-version":[{"id":434,"href":"https:\/\/www.ervewoolderink.nl\/de\/wp-json\/wp\/v2\/pages\/433\/revisions\/434"}],"up":[{"embeddable":true,"href":"https:\/\/www.ervewoolderink.nl\/de\/wp-json\/wp\/v2\/pages\/438"}],"wp:attachment":[{"href":"https:\/\/www.ervewoolderink.nl\/de\/wp-json\/wp\/v2\/media?parent=433"}],"curies":[{"name":"wp","href":"https:\/\/api.w.org\/{rel}","templated":true}]}}