{"id":431,"date":"2013-12-30T16:13:02","date_gmt":"2013-12-30T14:13:02","guid":{"rendered":"http:\/\/www.ervewoolderink.nl\/?page_id=431"},"modified":"2015-10-02T19:13:55","modified_gmt":"2015-10-02T17:13:55","slug":"aufenthalt-beim-bauer","status":"publish","type":"page","link":"https:\/\/www.ervewoolderink.nl\/de\/aufenthalt-beim-bauer\/","title":{"rendered":"Aufenthalt beim Bauer"},"content":{"rendered":"<p>Sich entspannen, einander und das gute Leben genie\u00dfen. Ein Aufenthalt auf Erve Woolderink f\u00fchlt wie ein langer Urlaub. Selbstverst\u00e4ndlich haben unsere Heuhaufen allen Komfort. Nach einer langen Rad- oder Wandertour k\u00f6nnen Sie sich in der Doppel Infrarotsauna entspannen oder die Sonne und die pr\u00e4chtige Aussicht auf der Terrasse genie\u00dfen. Ein Aufenthalt beim Bauer ist eine unvergessliche Erfahrung.<\/p>\n<p>Erve Woolderink liegt im Dreieck Rijssen, Wierden und Enter. Die Umgebung bietet viele M\u00f6glichkeiten. Enter ist nur 4 km vom Bauernhof entfernt und kann mit dem Fahrrad (De Regge entlang) oder mit dem Wagen erreicht werden. Rijssen bietet viele L\u00e4den und hervorragende Restaurants.<\/p>\n<h2>Einzigartiger, atmosph\u00e4rischer Aufenthalt beim Bauer<\/h2>\n<p>Wir begr\u00fc\u00dfen Sie recht herzlich am Erbgut f\u00fcr einen entspannten Aufenthalt. Egal ob Sie sich hier eine Nacht oder zwei Wochen aufhalten, Sie werden Ihren Aufenthalt bestimmt genie\u00dfen. Genie\u00dfen Sie die pr\u00e4chtige Gegend und die einzigartigen Bauernhof\u00fcbernachtungen.<\/p>\n","protected":false},"excerpt":{"rendered":"<p>Sich entspannen, einander und das gute Leben genie\u00dfen. Ein Aufenthalt auf Erve Woolderink f\u00fchlt wie ein langer Urlaub. Selbstverst\u00e4ndlich haben unsere Heuhaufen allen Komfort. Nach einer langen Rad- oder Wandertour k\u00f6nnen Sie sich in der Doppel Infrarotsauna entspannen oder die Sonne und die pr\u00e4chtige Aussicht auf der Terrasse genie\u00dfen. Ein Aufenthalt beim Bauer ist eine [&hellip;]<\/p>\n","protected":false},"author":1,"featured_media":0,"parent":0,"menu_order":4,"comment_status":"closed","ping_status":"closed","template":"page-2columns.php","meta":{"_acf_changed":false,"footnotes":""},"class_list":["post-431","page","type-page","status-publish","hentry"],"acf":[],"_links":{"self":[{"href":"https:\/\/www.ervewoolderink.nl\/de\/wp-json\/wp\/v2\/pages\/431","targetHints":{"allow":["GET"]}}],"collection":[{"href":"https:\/\/www.ervewoolderink.nl\/de\/wp-json\/wp\/v2\/pages"}],"about":[{"href":"https:\/\/www.ervewoolderink.nl\/de\/wp-json\/wp\/v2\/types\/page"}],"author":[{"embeddable":true,"href":"https:\/\/www.ervewoolderink.nl\/de\/wp-json\/wp\/v2\/users\/1"}],"replies":[{"embeddable":true,"href":"https:\/\/www.ervewoolderink.nl\/de\/wp-json\/wp\/v2\/comments?post=431"}],"version-history":[{"count":1,"href":"https:\/\/www.ervewoolderink.nl\/de\/wp-json\/wp\/v2\/pages\/431\/revisions"}],"predecessor-version":[{"id":432,"href":"https:\/\/www.ervewoolderink.nl\/de\/wp-json\/wp\/v2\/pages\/431\/revisions\/432"}],"wp:attachment":[{"href":"https:\/\/www.ervewoolderink.nl\/de\/wp-json\/wp\/v2\/media?parent=431"}],"curies":[{"name":"wp","href":"https:\/\/api.w.org\/{rel}","templated":true}]}}