{"id":427,"date":"2013-12-30T16:11:19","date_gmt":"2013-12-30T15:11:19","guid":{"rendered":"http:\/\/www.ervewoolderink.nl\/?page_id=427"},"modified":"2014-12-01T15:46:37","modified_gmt":"2014-12-01T14:46:37","slug":"ein-einzigartiges-stuck-twente","status":"publish","type":"page","link":"https:\/\/www.ervewoolderink.nl\/de\/ein-einzigartiges-stuck-twente\/","title":{"rendered":"Ein einzigartiges St\u00fcck Twente"},"content":{"rendered":"<p><b>Seit 1400<\/b><br \/>\nDer s\u00e4chsische Hof Erve Woolderink liegt im kleinen Weiler Rectum in der N\u00e4he von Rijssen, Wierden und Enter. Seit 1400 wird Erve Woolderink von der Familie Woolderink bewohnt. In 1797 hat die alte Generation Woolderink entschlossen die alten Geb\u00e4ude durch einen neuen Bauernhof zu ersetzen. Renovierung war, wegen des schlechten Zustands, unm\u00f6glich. In 1797 wurde der neue Bauernhof realisiert, sowie der Schlussstein \u00fcber den T\u00fcren des Bauernhofs zeigt.<\/p>\n<p>Im Moment ist es ein moderner Viehhof. Unsere Mission: Biologische, sichere, tierfreundliche, herrliche Nahrung produzieren.<\/p>\n<p><b>National Monument<\/b><br \/>\nErve Woolderink liegt in der pr\u00e4chtigen Heckenlandschaft von Twente mit Wallhecken, uralten B\u00e4umen und \u00fcberraschenden Ansichten; ein pr\u00e4chtiger historischer Hintergrund f\u00fcr den wundersch\u00f6nen Bauernhof mit Scheunen. Der Bauernhof mit Scheunen (insgesamt 40 Hektare Natur) wurde nicht umsonst in die Liste mit National Monumente aufgenommen.<\/p>\n<p><img loading=\"lazy\" decoding=\"async\" src=\"http:\/\/www.ervewoolderink.nl\/wp-content\/uploads\/eko-logo.jpg\" alt=\"eko-logo\" width=\"80\" height=\"87\" \/><br \/>\n<span style=\"line-height: 1.5em;\"><br \/>\nWir sind und bleiben einen Bio-Bauernhof. Aus diesem Grund sind wir EKO-zertifiziert (SKAL Nummer 26608)<\/span><\/p>\n","protected":false},"excerpt":{"rendered":"<p>Seit 1400 Der s\u00e4chsische Hof Erve Woolderink liegt im kleinen Weiler Rectum in der N\u00e4he von Rijssen, Wierden und Enter. Seit 1400 wird Erve Woolderink von der Familie Woolderink bewohnt. In 1797 hat die alte Generation Woolderink entschlossen die alten Geb\u00e4ude durch einen neuen Bauernhof zu ersetzen. Renovierung war, wegen des schlechten Zustands, unm\u00f6glich. In [&hellip;]<\/p>\n","protected":false},"author":1,"featured_media":0,"parent":0,"menu_order":14,"comment_status":"open","ping_status":"closed","template":"page-2columns.php","meta":{"_acf_changed":false,"footnotes":""},"class_list":["post-427","page","type-page","status-publish","hentry"],"acf":[],"_links":{"self":[{"href":"https:\/\/www.ervewoolderink.nl\/de\/wp-json\/wp\/v2\/pages\/427","targetHints":{"allow":["GET"]}}],"collection":[{"href":"https:\/\/www.ervewoolderink.nl\/de\/wp-json\/wp\/v2\/pages"}],"about":[{"href":"https:\/\/www.ervewoolderink.nl\/de\/wp-json\/wp\/v2\/types\/page"}],"author":[{"embeddable":true,"href":"https:\/\/www.ervewoolderink.nl\/de\/wp-json\/wp\/v2\/users\/1"}],"replies":[{"embeddable":true,"href":"https:\/\/www.ervewoolderink.nl\/de\/wp-json\/wp\/v2\/comments?post=427"}],"version-history":[{"count":2,"href":"https:\/\/www.ervewoolderink.nl\/de\/wp-json\/wp\/v2\/pages\/427\/revisions"}],"predecessor-version":[{"id":608,"href":"https:\/\/www.ervewoolderink.nl\/de\/wp-json\/wp\/v2\/pages\/427\/revisions\/608"}],"wp:attachment":[{"href":"https:\/\/www.ervewoolderink.nl\/de\/wp-json\/wp\/v2\/media?parent=427"}],"curies":[{"name":"wp","href":"https:\/\/api.w.org\/{rel}","templated":true}]}}