{"id":416,"date":"2013-12-30T15:40:18","date_gmt":"2013-12-30T13:40:18","guid":{"rendered":"http:\/\/www.ervewoolderink.nl\/?page_id=416"},"modified":"2015-10-08T15:08:48","modified_gmt":"2015-10-08T13:08:48","slug":"die-aberdeen-angus-kuhe","status":"publish","type":"page","link":"https:\/\/www.ervewoolderink.nl\/de\/die-bio-bauernhof\/die-aberdeen-angus-kuhe\/","title":{"rendered":"Die Aberdeen Angus K\u00fche"},"content":{"rendered":"<p>Das Angus Rind ist weltweit eines der meist gehaltenen Rinderrassen.<br \/>\nDiese Rasse ist in den Niederlanden noch nicht sehr bekannt, wird aber immer popul\u00e4rer.<br \/>\nDie Eigenschaften dieser Rasse passen zu einer biologischen\/extensiven Betriebsf\u00fchrung sowie Erve Woolderink im Moment hat.<\/p>\n<p><strong>Kennzeichen<\/strong><\/p>\n<ul>\n<li>Ganz ruhig und zuverl\u00e4ssig<\/li>\n<li>Hornlose Tiere<\/li>\n<li>Fruchtbar<\/li>\n<li>Nat\u00fcrliche, problemlose Geburten<\/li>\n<li>Das Fleisch bietet fantastische Verarbeitungsm\u00f6glichkeiten<\/li>\n<\/ul>\n<p>Erve Woolderink verf\u00fcgt \u00fcber den Black und Red Angus. Eine nat\u00fcrliche Deckung und k\u00fcnstliche Befruchtung findet statt. Die Stiere die wir f\u00fcr die nat\u00fcrliche Deckung selektieren stammen aus guten Kuhfamilien. Tiere werden auch mit Angus-Stieren aus \u00fcbrigen Erdteilen befruchtet, mittels k\u00fcnstlicher Befruchtung. Wir versuchen die beste Genetik an zu wenden.<\/p>\n<p>Die Angus Rinderrasse passt zu einer extensiven Betriebsf\u00fchrung, zum Abgrasen von Naturgel\u00e4nden\u00a0 und Extensiv-Gr\u00fcnland.<\/p>\n<p>&nbsp;<\/p>\n","protected":false},"excerpt":{"rendered":"<p>Das Angus Rind ist weltweit eines der meist gehaltenen Rinderrassen. Diese Rasse ist in den Niederlanden noch nicht sehr bekannt, wird aber immer popul\u00e4rer. Die Eigenschaften dieser Rasse passen zu einer biologischen\/extensiven Betriebsf\u00fchrung sowie Erve Woolderink im Moment hat. Kennzeichen Ganz ruhig und zuverl\u00e4ssig Hornlose Tiere Fruchtbar Nat\u00fcrliche, problemlose Geburten Das Fleisch bietet fantastische Verarbeitungsm\u00f6glichkeiten [&hellip;]<\/p>\n","protected":false},"author":1,"featured_media":0,"parent":405,"menu_order":0,"comment_status":"open","ping_status":"closed","template":"page-2columns.php","meta":{"_acf_changed":false,"footnotes":""},"class_list":["post-416","page","type-page","status-publish","hentry"],"acf":[],"_links":{"self":[{"href":"https:\/\/www.ervewoolderink.nl\/de\/wp-json\/wp\/v2\/pages\/416","targetHints":{"allow":["GET"]}}],"collection":[{"href":"https:\/\/www.ervewoolderink.nl\/de\/wp-json\/wp\/v2\/pages"}],"about":[{"href":"https:\/\/www.ervewoolderink.nl\/de\/wp-json\/wp\/v2\/types\/page"}],"author":[{"embeddable":true,"href":"https:\/\/www.ervewoolderink.nl\/de\/wp-json\/wp\/v2\/users\/1"}],"replies":[{"embeddable":true,"href":"https:\/\/www.ervewoolderink.nl\/de\/wp-json\/wp\/v2\/comments?post=416"}],"version-history":[{"count":9,"href":"https:\/\/www.ervewoolderink.nl\/de\/wp-json\/wp\/v2\/pages\/416\/revisions"}],"predecessor-version":[{"id":1280,"href":"https:\/\/www.ervewoolderink.nl\/de\/wp-json\/wp\/v2\/pages\/416\/revisions\/1280"}],"up":[{"embeddable":true,"href":"https:\/\/www.ervewoolderink.nl\/de\/wp-json\/wp\/v2\/pages\/405"}],"wp:attachment":[{"href":"https:\/\/www.ervewoolderink.nl\/de\/wp-json\/wp\/v2\/media?parent=416"}],"curies":[{"name":"wp","href":"https:\/\/api.w.org\/{rel}","templated":true}]}}