{"id":405,"date":"2013-12-30T14:36:45","date_gmt":"2013-12-30T13:36:45","guid":{"rendered":"http:\/\/www.ervewoolderink.nl\/?page_id=405"},"modified":"2015-10-06T22:49:06","modified_gmt":"2015-10-06T20:49:06","slug":"die-bio-bauernhof","status":"publish","type":"page","link":"https:\/\/www.ervewoolderink.nl\/de\/die-bio-bauernhof\/","title":{"rendered":"Die Bio-bauernhof"},"content":{"rendered":"<p>Erve Woolderink ist ein Bio-Bauernhof im Weiler Rectum, zwischen Rijssen, Wierden und Enter. Seit 1400 wird der Hof von der Familie Woolderink bewohnt. In 1797 befand der Bauernhof sich in einem sehr schlechten Zustand. Aus diesem Grund hat man den zirka 500 Jahr alten Bauernhof abgebrochen und ein neuer Bauernhof gebaut. In 1797 wurde der neue Bauernhof realisiert, sowie der Schlussstein \u00fcber den T\u00fcren des Bauernhofs zeigt.<\/p>\n<p>Heutzutage besteht Erve Woolderink aus einem pr\u00e4chtigen Bauernhof mit wundersch\u00f6ner Scheune, die beide in die Liste von National Monumente aufgenommen wurden. Die Firma umfasst 35 Hektare, wovon 5 Hektare Wald. Erve Woolderink liegt in der pr\u00e4chtigen Heckenlandschaft von Twente mit Wallhecken, uralten B\u00e4umen und \u00fcberraschenden Ansichten; ein pr\u00e4chtiger historischer Hintergrund f\u00fcr den wundersch\u00f6nen Bauernhof mit Scheunen.<\/p>\n<p>Am Erve Woolderink grast eine Herde Aberdeen Angus K\u00fche in der Weide. Diese urspr\u00fcnglich schottische Rasse ist einer der wenigen Herden die in den Niederlanden grasen. Die K\u00fche und K\u00e4lber dieser freundlichen Rasse grasen gemeinsam in der Weide und stehen im Winter im Stall.<\/p>\n<h2>Ferienwohnungen<\/h2>\n<p>Am Erve Woolderink \u00fcbernachten Sie in einem Regge-Heuhaufen. Sie befinden sich an einzigartiger Lage; Ihre Terrasse bietet Aussicht auf Hasen und Rehe.<\/p>\n<p>Der Heuhaufen befindet sich in der N\u00e4he der Regge. Hier k\u00f6nnen Sie Kanu fahren, wandern, angeln oder eine Radtour auf dem neuen Radweg machen, der Regge entlang. Erve Woolderink hat eine zentrale Lage, zwischen Rijssen, Wierden und Enter die viele M\u00f6glichkeiten bieten. Also: \u00dcbernachten Sie beim Bauer in Twente und erleben Sie das Landleben!<\/p>\n<p><a class=\"button\" href=\"http:\/\/www.ervewoolderink.nl\/de\/die-bio-bauernhof\/die-aberdeen-angus-kuhe\/\">Schlafen in einem Heuhaufen Ferienwohnung<\/a><\/p>\n","protected":false},"excerpt":{"rendered":"<p>Erve Woolderink ist ein Bio-Bauernhof im Weiler Rectum, zwischen Rijssen, Wierden und Enter. Seit 1400 wird der Hof von der Familie Woolderink bewohnt. In 1797 befand der Bauernhof sich in einem sehr schlechten Zustand. Aus diesem Grund hat man den zirka 500 Jahr alten Bauernhof abgebrochen und ein neuer Bauernhof gebaut. In 1797 wurde der [&hellip;]<\/p>\n","protected":false},"author":1,"featured_media":0,"parent":0,"menu_order":2,"comment_status":"open","ping_status":"open","template":"page-2columns.php","meta":{"_acf_changed":false,"footnotes":""},"class_list":["post-405","page","type-page","status-publish","hentry"],"acf":[],"_links":{"self":[{"href":"https:\/\/www.ervewoolderink.nl\/de\/wp-json\/wp\/v2\/pages\/405","targetHints":{"allow":["GET"]}}],"collection":[{"href":"https:\/\/www.ervewoolderink.nl\/de\/wp-json\/wp\/v2\/pages"}],"about":[{"href":"https:\/\/www.ervewoolderink.nl\/de\/wp-json\/wp\/v2\/types\/page"}],"author":[{"embeddable":true,"href":"https:\/\/www.ervewoolderink.nl\/de\/wp-json\/wp\/v2\/users\/1"}],"replies":[{"embeddable":true,"href":"https:\/\/www.ervewoolderink.nl\/de\/wp-json\/wp\/v2\/comments?post=405"}],"version-history":[{"count":9,"href":"https:\/\/www.ervewoolderink.nl\/de\/wp-json\/wp\/v2\/pages\/405\/revisions"}],"predecessor-version":[{"id":1279,"href":"https:\/\/www.ervewoolderink.nl\/de\/wp-json\/wp\/v2\/pages\/405\/revisions\/1279"}],"wp:attachment":[{"href":"https:\/\/www.ervewoolderink.nl\/de\/wp-json\/wp\/v2\/media?parent=405"}],"curies":[{"name":"wp","href":"https:\/\/api.w.org\/{rel}","templated":true}]}}