{"id":397,"date":"2013-12-30T14:26:47","date_gmt":"2013-12-30T13:26:47","guid":{"rendered":"http:\/\/www.ervewoolderink.nl\/?page_id=397"},"modified":"2015-10-08T15:12:26","modified_gmt":"2015-10-08T13:12:26","slug":"die-umgebung","status":"publish","type":"page","link":"https:\/\/www.ervewoolderink.nl\/de\/die-umgebung\/","title":{"rendered":"Die Umgebung"},"content":{"rendered":"<p>Erve de Kloosterhoeve liegt im Dreieck Rijssen, Wierden und Enter. Die Umgebung bietet viele Erholungsm\u00f6glichkeiten.<\/p>\n<p>Das Dorf Enter ist etwa 4 km vom Bauernhof entfernt und k\u00f6nnen Sie entweder mit dem Fahrrad (De Regge entlang) oder mit dem Wagen erreichen. Enter bietet viele M\u00f6glichkeiten.<br \/>\n<a title=\"Wierden Enter\" href=\"http:\/\/www.wierden-enterinfo.nl\/\" target=\"_blank\">www.wierden-enterinfo.nl<\/a><\/p>\n<p>In Rijssen gibt es viele L\u00e4den und tolle Restaurants. Rijssen ist etwa 5 km von Erve Woolderink entfernt.<br \/>\n<a title=\"Toerisme RH\" href=\"http:\/\/www.toerismerh.nl\/\" target=\"_blank\">www.toerismerh.nl<\/a><\/p>\n<p>Der Bauernhof liegt in der Gemeinde Wierden. Das Dorf Wierden ist etwa 5 km vom Bauernhof entfernt. In Wierden gibt es einen sehr sch\u00f6nen Freizeitsee mit dem Namen \u2018t Lageveld. Es gibt tolle L\u00e4den, herrliche Restaurants \u00a0und einen fantastischen Golfplatz (18 Holes).\u00a0<a title=\"Wierden Enter\" href=\"http:\/\/www.wierden-enterinfo.nl\/\" target=\"_blank\">www.wierden-enterinfo.nl<\/a><\/p>\n<p><b>\u00dcbrige Sehensw\u00fcrdigkeiten\/Aktivit\u00e4ten<\/b><\/p>\n<p><a title=\"Reggestreek\" href=\"http:\/\/www.reggestreek.nl\" target=\"_blank\">www.reggestreek.nl<\/a><br \/>\n<a title=\"Pelmolen\" href=\"http:\/\/www.depelmolen.nl\" target=\"_blank\">www.depelmolen.nl<\/a><br \/>\n<a title=\"Holterberg\" href=\"http:\/\/www.sallandseheuvelrug.nl\/natuurdiorama\" target=\"_blank\">Holterberg<\/a><br \/>\n<a title=\"Wijngaard\" href=\"http:\/\/www.wijngaardbaan.nl\" target=\"_blank\">www.wijngaardbaan.nl<\/a><br \/>\n<a title=\"Golfclub\" href=\"http:\/\/www.golfclubdekoepel.nl\" target=\"_blank\">www.golfclubdekoepel.nl<\/a><br \/>\n<a title=\"Reggehooibergen\" href=\"http:\/\/www.reggehooibergen.nl\" target=\"_blank\">www.reggehooibergen.nl<br \/>\n<\/a><a title=\"Erlebe Twente\" href=\"http:\/\/www.erlebe-twente.de\" target=\"_blank\">www.erlebe-twente.de<\/a><\/p>\n<p>Sehen Sie hier eine Fotogalerie der Umgebung<\/p>\n","protected":false},"excerpt":{"rendered":"<p>Erve de Kloosterhoeve liegt im Dreieck Rijssen, Wierden und Enter. Die Umgebung bietet viele Erholungsm\u00f6glichkeiten. Das Dorf Enter ist etwa 4 km vom Bauernhof entfernt und k\u00f6nnen Sie entweder mit dem Fahrrad (De Regge entlang) oder mit dem Wagen erreichen. Enter bietet viele M\u00f6glichkeiten. www.wierden-enterinfo.nl In Rijssen gibt es viele L\u00e4den und tolle Restaurants. Rijssen [&hellip;]<\/p>\n","protected":false},"author":1,"featured_media":0,"parent":0,"menu_order":10,"comment_status":"open","ping_status":"closed","template":"page-2columns.php","meta":{"_acf_changed":false,"footnotes":""},"class_list":["post-397","page","type-page","status-publish","hentry"],"acf":[],"_links":{"self":[{"href":"https:\/\/www.ervewoolderink.nl\/de\/wp-json\/wp\/v2\/pages\/397","targetHints":{"allow":["GET"]}}],"collection":[{"href":"https:\/\/www.ervewoolderink.nl\/de\/wp-json\/wp\/v2\/pages"}],"about":[{"href":"https:\/\/www.ervewoolderink.nl\/de\/wp-json\/wp\/v2\/types\/page"}],"author":[{"embeddable":true,"href":"https:\/\/www.ervewoolderink.nl\/de\/wp-json\/wp\/v2\/users\/1"}],"replies":[{"embeddable":true,"href":"https:\/\/www.ervewoolderink.nl\/de\/wp-json\/wp\/v2\/comments?post=397"}],"version-history":[{"count":6,"href":"https:\/\/www.ervewoolderink.nl\/de\/wp-json\/wp\/v2\/pages\/397\/revisions"}],"predecessor-version":[{"id":606,"href":"https:\/\/www.ervewoolderink.nl\/de\/wp-json\/wp\/v2\/pages\/397\/revisions\/606"}],"wp:attachment":[{"href":"https:\/\/www.ervewoolderink.nl\/de\/wp-json\/wp\/v2\/media?parent=397"}],"curies":[{"name":"wp","href":"https:\/\/api.w.org\/{rel}","templated":true}]}}