{"id":390,"date":"2013-12-30T14:18:47","date_gmt":"2013-12-30T12:18:47","guid":{"rendered":"http:\/\/www.ervewoolderink.nl\/?page_id=390"},"modified":"2015-10-02T19:14:16","modified_gmt":"2015-10-02T17:14:16","slug":"bauernhofubernachtungen","status":"publish","type":"page","link":"https:\/\/www.ervewoolderink.nl\/de\/schlafen-einem-heuhaufen\/bauernhofubernachtungen\/","title":{"rendered":"Bauernhof\u00fcbernachtungen"},"content":{"rendered":"<p>Einander und das gute Leben genie\u00dfen. Dem Alltagsstress entfliehen. Bauernhof\u00fcbernachtungen am Erve Woolderink f\u00fchlen wie ein langer Urlaub, auch wenn man sich hier nur kurz aufh\u00e4lt.<\/p>\n<h2>\u00dcbernachten in einem Heuhaufen<\/h2>\n<p>Bauernhof\u00fcbernachtungen in einem Heuhaufen geben Nach einer langen Wander- oder Radtour k\u00f6nnen Sie sich in der Doppel Infrarot-Sauna entspannen, die Sonne und die herrliche Aussicht auf der Terrasse genie\u00dfen, herrlich kochen w\u00e4hrend der Geschirrsp\u00fcler Ihr Geschirr sp\u00fclt, bequeme Betten\u2026..Unser Bauernhof ist geeignet f\u00fcr 4 Personen. Es gibt aber ausreichend Raum f\u00fcr eine 5e oder 6e Person. Alles ist m\u00f6glich!<\/p>\n<p>Die St\u00e4lle mit Aberdeen Angus-K\u00fchen befinden sich neben den Ferienwohnungen in Twente. Aberdeen Angus ist eine alte, schottische Rasse. Die K\u00fche haben einen ruhigen, anh\u00e4nglichen Charakter. Sie sind sehr selbst\u00e4ndig und k\u00f6nnen eigentlich das ganze Jahr durch drau\u00dfen laufen.<\/p>\n<h2>Die sch\u00f6nsten Bauernhof\u00fcbernachtungen<\/h2>\n<p>Wir laden Sie zu einem angenehmen Urlaub am Erve Woolderink ein. Egal ob Sie hier eine Nacht oder eine Woche verbringen, wir werden Sie recht herzlich begr\u00fc\u00dfen. Kommen Sie und Genie\u00dfen Sie die sch\u00f6ne Gegend, den einzigartigen Aufenthalt uns unsere hervorragende Fr\u00fchst\u00fccke (mit etwas Gl\u00fcck frische Eier!).<\/p>\n","protected":false},"excerpt":{"rendered":"<p>Einander und das gute Leben genie\u00dfen. Dem Alltagsstress entfliehen. Bauernhof\u00fcbernachtungen am Erve Woolderink f\u00fchlen wie ein langer Urlaub, auch wenn man sich hier nur kurz aufh\u00e4lt. \u00dcbernachten in einem Heuhaufen Bauernhof\u00fcbernachtungen in einem Heuhaufen geben Nach einer langen Wander- oder Radtour k\u00f6nnen Sie sich in der Doppel Infrarot-Sauna entspannen, die Sonne und die herrliche Aussicht [&hellip;]<\/p>\n","protected":false},"author":1,"featured_media":0,"parent":438,"menu_order":6,"comment_status":"open","ping_status":"closed","template":"","meta":{"_acf_changed":false,"footnotes":""},"class_list":["post-390","page","type-page","status-publish","hentry"],"acf":[],"_links":{"self":[{"href":"https:\/\/www.ervewoolderink.nl\/de\/wp-json\/wp\/v2\/pages\/390","targetHints":{"allow":["GET"]}}],"collection":[{"href":"https:\/\/www.ervewoolderink.nl\/de\/wp-json\/wp\/v2\/pages"}],"about":[{"href":"https:\/\/www.ervewoolderink.nl\/de\/wp-json\/wp\/v2\/types\/page"}],"author":[{"embeddable":true,"href":"https:\/\/www.ervewoolderink.nl\/de\/wp-json\/wp\/v2\/users\/1"}],"replies":[{"embeddable":true,"href":"https:\/\/www.ervewoolderink.nl\/de\/wp-json\/wp\/v2\/comments?post=390"}],"version-history":[{"count":2,"href":"https:\/\/www.ervewoolderink.nl\/de\/wp-json\/wp\/v2\/pages\/390\/revisions"}],"predecessor-version":[{"id":392,"href":"https:\/\/www.ervewoolderink.nl\/de\/wp-json\/wp\/v2\/pages\/390\/revisions\/392"}],"up":[{"embeddable":true,"href":"https:\/\/www.ervewoolderink.nl\/de\/wp-json\/wp\/v2\/pages\/438"}],"wp:attachment":[{"href":"https:\/\/www.ervewoolderink.nl\/de\/wp-json\/wp\/v2\/media?parent=390"}],"curies":[{"name":"wp","href":"https:\/\/api.w.org\/{rel}","templated":true}]}}